{"id":13,"date":"2020-06-01T11:49:05","date_gmt":"2020-06-01T11:49:05","guid":{"rendered":"https:\/\/luise-raithel.de\/?page_id=13"},"modified":"2022-09-26T08:50:56","modified_gmt":"2022-09-26T08:50:56","slug":"uebermich","status":"publish","type":"page","link":"https:\/\/luise-raithel.de\/index.php\/uebermich\/","title":{"rendered":"\u00dcber mich"},"content":{"rendered":"\n<p>Ich habe in meiner Jugend angefangen, mit Acrylfarbe zu malen. <br>Meine Kunst ist Ausdruck meiner Seele. Sie besteht aus bewussten und unbewussten Vorg\u00e4ngen, denen ich freien Lauf lasse &#8211; es sind spontan eingefangene Zust\u00e4nde und Inspirationen. W\u00e4hrenddessen tauche ich ab in ein Gef\u00fchl von Freiheit. Ich arbeite haupts\u00e4chlich mit Rollen und variiere dabei die Wassermenge. Die Strukturen, die sich dabei ergeben, sind geplant und ungeplant. Das Experimentelle an dieser Technik f\u00fchrt mich von einer Neuheit zur n\u00e4chsten, geleitet von meiner Intuition. Das Qu\u00e4ntchen \u00dcberraschung ergibt stets eine positive Spannung beim Malen und an einem gewissen Punkt gibt es das eindeutige Gef\u00fchl der Vollendung. <\/p>\n\n\n\n<p>Jede Emotion hat ihre Berechtigung, den Drang sich Raum zu verschaffen, und sollte nicht bewertet werden. In einer verkopften Gesellschaft, die das Innenleben der Menschen verdr\u00e4ngt, m\u00f6chte ich mit meinen Bildern prim\u00e4r eine Resonanzbeziehung zu den Betrachtenden schaffen. Daher ist es mir besonders wichtig, dass Betrachtende weniger nach konkreten Objekten in ihrer Kunst, sondern ihrem eigenen Resonanzraum suchen.<\/p>\n\n\n\n<p>Ich male auf Holzplatten, die eine individuelle Form aufweisen und sich als harter Untergrund gut f\u00fcr diese gerollte Technik eignen. Dabei wird der h\u00f6lzerne Untergrund mit seiner Maserung und Astl\u00f6chern Teil des Bildes, was dem Bild einen besonderen Charme verleiht. Holz muss hier als arbeitendes Material verstanden werden, was W\u00f6lbungen o.\u00e4. aufweisen kann &#8211; dies geh\u00f6rt zum Kunstobjekt. <\/p>\n\n\n\n<p>Als Mitglied der K\u00fcnstler*innengilde Pinneberg habe ich Freude am Austausch mit anderen Kunstschaffenden. <\/p>\n\n\n\n<hr class=\"wp-block-separator\"\/>\n\n\n\n<p><br>These paintings speak from my soul. They are conscious and&nbsp;unconscious processes that I give free rein to. They are spontaneously captured moments and inspirations. And then it is a feeling of freedom. I like to work with rollers and vary the amount of water I use. The resulting patterns that result are planned and unplanned. The experimental aspect of this technique leads me from one novelty to the next, guided by my intuition. Not knowing what to expect always results in positive suspense when painting.  And, at a certain point, I know exactly when the painting is finished. Like a conversation, one painting can lead to another, exploring a concept or series of ideas. I am continuing to explore the resonance and rhythm achieved with the roller technique.<\/p>\n\n\n\n<p>The wood with its grain and knotholes becomes part of the artwork, giving it a special charm. Wood must be understood as a working material, with its often uneven surface &#8211; this is part of the art object.<\/p>\n","protected":false},"excerpt":{"rendered":"<p>Ich habe in meiner Jugend angefangen, mit Acrylfarbe zu malen. Meine Kunst ist Ausdruck meiner Seele. Sie besteht aus bewussten und unbewussten Vorg\u00e4ngen, denen ich freien Lauf lasse &#8211; es sind spontan eingefangene Zust\u00e4nde und Inspirationen. W\u00e4hrenddessen tauche ich ab in ein Gef\u00fchl von Freiheit. Ich arbeite haupts\u00e4chlich mit Rollen und variiere dabei die Wassermenge. [&hellip;]<\/p>\n","protected":false},"author":1,"featured_media":44,"parent":0,"menu_order":0,"comment_status":"closed","ping_status":"closed","template":"","meta":[],"_links":{"self":[{"href":"https:\/\/luise-raithel.de\/index.php\/wp-json\/wp\/v2\/pages\/13"}],"collection":[{"href":"https:\/\/luise-raithel.de\/index.php\/wp-json\/wp\/v2\/pages"}],"about":[{"href":"https:\/\/luise-raithel.de\/index.php\/wp-json\/wp\/v2\/types\/page"}],"author":[{"embeddable":true,"href":"https:\/\/luise-raithel.de\/index.php\/wp-json\/wp\/v2\/users\/1"}],"replies":[{"embeddable":true,"href":"https:\/\/luise-raithel.de\/index.php\/wp-json\/wp\/v2\/comments?post=13"}],"version-history":[{"count":12,"href":"https:\/\/luise-raithel.de\/index.php\/wp-json\/wp\/v2\/pages\/13\/revisions"}],"predecessor-version":[{"id":383,"href":"https:\/\/luise-raithel.de\/index.php\/wp-json\/wp\/v2\/pages\/13\/revisions\/383"}],"wp:featuredmedia":[{"embeddable":true,"href":"https:\/\/luise-raithel.de\/index.php\/wp-json\/wp\/v2\/media\/44"}],"wp:attachment":[{"href":"https:\/\/luise-raithel.de\/index.php\/wp-json\/wp\/v2\/media?parent=13"}],"curies":[{"name":"wp","href":"https:\/\/api.w.org\/{rel}","templated":true}]}}