{"id":152,"date":"2020-06-09T08:56:56","date_gmt":"2020-06-09T08:56:56","guid":{"rendered":"https:\/\/luise-raithel.de\/?page_id=152"},"modified":"2024-01-27T20:24:24","modified_gmt":"2024-01-27T20:24:24","slug":"ausstellungen","status":"publish","type":"page","link":"https:\/\/luise-raithel.de\/index.php\/ausstellungen\/","title":{"rendered":"Ausstellungen"},"content":{"rendered":"\n<p>2024-  Anscharkirche Neum\u00fcnster<\/p>\n\n\n\n<p>2023- Praxis &#8222;Nordlichter&#8220;, Wedel und Halstenbek<\/p>\n\n\n\n<p>2023- Ausstellung des Kreis Kultur Verbandes, Drostei Pinneberg<\/p>\n\n\n\n<p>2022-2023- privates B\u00fcrogeb\u00e4ude, Alveslohe<\/p>\n\n\n\n<p>2022- Hamburg zeigt Kunst, Cruise Center Altona <\/p>\n\n\n\n<p>2022- Haspa Wedel <\/p>\n\n\n\n<p>2021- Elbekino Hamburg<\/p>\n\n\n\n<p>2021- \u00c4rztezentrum Rosengarten, Wedel<\/p>\n\n\n\n<p>2020- Kunstraum 3, Lengerich<\/p>\n\n\n\n<p>2018- Kieferorthop\u00e4dische Praxis, Bad Schwartau<\/p>\n\n\n\n<p>2017- Kieferorthop\u00e4dische Praxis, L\u00fcbeck <\/p>\n","protected":false},"excerpt":{"rendered":"<p>2024- Anscharkirche Neum\u00fcnster 2023- Praxis &#8222;Nordlichter&#8220;, Wedel und Halstenbek 2023- Ausstellung des Kreis Kultur Verbandes, Drostei Pinneberg 2022-2023- privates B\u00fcrogeb\u00e4ude, Alveslohe 2022- Hamburg zeigt Kunst, Cruise Center Altona 2022- Haspa Wedel 2021- Elbekino Hamburg 2021- \u00c4rztezentrum Rosengarten, Wedel 2020- Kunstraum 3, Lengerich 2018- Kieferorthop\u00e4dische Praxis, Bad Schwartau 2017- Kieferorthop\u00e4dische Praxis, L\u00fcbeck<\/p>\n","protected":false},"author":1,"featured_media":0,"parent":0,"menu_order":0,"comment_status":"closed","ping_status":"closed","template":"","meta":[],"_links":{"self":[{"href":"https:\/\/luise-raithel.de\/index.php\/wp-json\/wp\/v2\/pages\/152"}],"collection":[{"href":"https:\/\/luise-raithel.de\/index.php\/wp-json\/wp\/v2\/pages"}],"about":[{"href":"https:\/\/luise-raithel.de\/index.php\/wp-json\/wp\/v2\/types\/page"}],"author":[{"embeddable":true,"href":"https:\/\/luise-raithel.de\/index.php\/wp-json\/wp\/v2\/users\/1"}],"replies":[{"embeddable":true,"href":"https:\/\/luise-raithel.de\/index.php\/wp-json\/wp\/v2\/comments?post=152"}],"version-history":[{"count":13,"href":"https:\/\/luise-raithel.de\/index.php\/wp-json\/wp\/v2\/pages\/152\/revisions"}],"predecessor-version":[{"id":481,"href":"https:\/\/luise-raithel.de\/index.php\/wp-json\/wp\/v2\/pages\/152\/revisions\/481"}],"wp:attachment":[{"href":"https:\/\/luise-raithel.de\/index.php\/wp-json\/wp\/v2\/media?parent=152"}],"curies":[{"name":"wp","href":"https:\/\/api.w.org\/{rel}","templated":true}]}}